{"id":558,"date":"2016-01-13T17:48:37","date_gmt":"2016-01-13T17:48:37","guid":{"rendered":"http:\/\/consulting.stylemixthemes.com\/?page_id=558"},"modified":"2023-03-17T14:26:25","modified_gmt":"2023-03-17T12:26:25","slug":"marketplace-services","status":"publish","type":"page","link":"https:\/\/marketplaceservices.ro\/index.php\/marketplace-services\/","title":{"rendered":"marketplace services"},"content":{"rendered":"\t\t<div data-elementor-type=\"wp-page\" data-elementor-id=\"558\" class=\"elementor elementor-558\" data-elementor-settings=\"[]\">\n\t\t\t\t\t\t\t<div class=\"elementor-section-wrap\">\n\t\t\t\t\t\t\t<section class=\"elementor-section elementor-top-section elementor-element elementor-element-33cdb81 elementor-section-boxed elementor-section-height-default elementor-section-height-default\" data-id=\"33cdb81\" data-element_type=\"section\">\n\t\t\t\t\t\t<div class=\"elementor-container elementor-column-gap-default\">\n\t\t\t\t\t<div class=\"elementor-column elementor-col-100 elementor-top-column elementor-element elementor-element-6bad782\" data-id=\"6bad782\" data-element_type=\"column\">\n\t\t\t<div class=\"elementor-widget-wrap elementor-element-populated\">\n\t\t\t\t\t\t\t\t<div class=\"elementor-element elementor-element-b035cbd elementor-widget elementor-widget-heading\" data-id=\"b035cbd\" data-element_type=\"widget\" data-widget_type=\"heading.default\">\n\t\t\t\t<div class=\"elementor-widget-container\">\n\t\t\t<h2 class=\"elementor-heading-title elementor-size-default\">eCommerce marketplace<\/h2>\t\t<\/div>\n\t\t\t\t<\/div>\n\t\t\t\t\t<\/div>\n\t\t<\/div>\n\t\t\t\t\t\t\t<\/div>\n\t\t<\/section>\n\t\t\t\t<section class=\"elementor-section elementor-top-section elementor-element elementor-element-89f2ce2 elementor-section-boxed elementor-section-height-default elementor-section-height-default\" data-id=\"89f2ce2\" data-element_type=\"section\" data-settings=\"{&quot;background_background&quot;:&quot;classic&quot;}\">\n\t\t\t\t\t\t<div class=\"elementor-container elementor-column-gap-default\">\n\t\t\t\t\t<div class=\"elementor-column elementor-col-100 elementor-top-column elementor-element elementor-element-89f344e\" data-id=\"89f344e\" data-element_type=\"column\">\n\t\t\t<div class=\"elementor-widget-wrap elementor-element-populated\">\n\t\t\t\t\t\t\t\t<div class=\"elementor-element elementor-element-89f39bc elementor-widget elementor-widget-stm_services\" data-id=\"89f39bc\" data-element_type=\"widget\" data-widget_type=\"stm_services.default\">\n\t\t\t\t<div class=\"elementor-widget-container\">\n\t\t\t\n    <div class=\"stm_services consulting_elementor_services style_5 cols_4\">\n                    <div class=\"item\">\n                <div class=\"item_wr\">\n                                        <div class=\"item_info\">\n                        <a href=\"https:\/\/marketplaceservices.ro\/index.php\/service\/servicii-listare-copywriting-marketplace\/\" class=\"base_font_color text_decoration_none\">\n                            <h5 class=\"secondary_font_color_hv\">Listare &#038; documentare produse<\/h5>\n                        <\/a>\n                        <div class=\"item_description\">\n                            Ne oferi datele necesare pentru listare (poze produs, caracteristici si descriere), iar noi iti adaugam produsele pe canalul de vanzare targetat in functie de standardele specifice acestuia.                        <\/div>\n                        <a href=\"https:\/\/marketplaceservices.ro\/index.php\/service\/servicii-listare-copywriting-marketplace\/\" class=\"read_more\"><i class=\"stm-lnr-arrow-right third_bg_color\"><\/i>Read more                        <\/a>\n                    <\/div>\n                <\/div>\n            <\/div>\n                    <div class=\"item\">\n                <div class=\"item_wr\">\n                                        <div class=\"item_info\">\n                        <a href=\"https:\/\/marketplaceservices.ro\/index.php\/service\/administrare-cont-marketplace-large\/\" class=\"base_font_color text_decoration_none\">\n                            <h5 class=\"secondary_font_color_hv\">Administrare cont marketplace<\/h5>\n                        <\/a>\n                        <div class=\"item_description\">\n                            abonament lunar, peste 5000 produse \r\nVerificare produse (activare, update pret si stoc), monitorizare indicatori de performanta, actiuni pentru imbunatatire si remediere                        <\/div>\n                        <a href=\"https:\/\/marketplaceservices.ro\/index.php\/service\/administrare-cont-marketplace-large\/\" class=\"read_more\"><i class=\"stm-lnr-arrow-right third_bg_color\"><\/i>Read more                        <\/a>\n                    <\/div>\n                <\/div>\n            <\/div>\n                    <div class=\"item\">\n                <div class=\"item_wr\">\n                                        <div class=\"item_info\">\n                        <a href=\"https:\/\/marketplaceservices.ro\/index.php\/service\/deschidere-cont-marketplace\/\" class=\"base_font_color text_decoration_none\">\n                            <h5 class=\"secondary_font_color_hv\">Deschidere cont marketplace Start<\/h5>\n                        <\/a>\n                        <div class=\"item_description\">\n                            Informatii privind conditiile de aderare pentru fiecare canal de vanzare, deschidere cont, listarea produselor (in limita a 50 de produse pentru setup initial), activarea contului.                         <\/div>\n                        <a href=\"https:\/\/marketplaceservices.ro\/index.php\/service\/deschidere-cont-marketplace\/\" class=\"read_more\"><i class=\"stm-lnr-arrow-right third_bg_color\"><\/i>Read more                        <\/a>\n                    <\/div>\n                <\/div>\n            <\/div>\n                    <div class=\"item\">\n                <div class=\"item_wr\">\n                                        <div class=\"item_info\">\n                        <a href=\"https:\/\/marketplaceservices.ro\/index.php\/service\/international-business-opportunities\/\" class=\"base_font_color text_decoration_none\">\n                            <h5 class=\"secondary_font_color_hv\">Deschidere cont marketplace International<\/h5>\n                        <\/a>\n                        <div class=\"item_description\">\n                            Ne folosim de experien\u021ba noastr\u0103 interna\u021bional\u0103 ca sa ne asiguram ca vinzi fara griji in peste 11 piete europene.                         <\/div>\n                        <a href=\"https:\/\/marketplaceservices.ro\/index.php\/service\/international-business-opportunities\/\" class=\"read_more\"><i class=\"stm-lnr-arrow-right third_bg_color\"><\/i>Read more                        <\/a>\n                    <\/div>\n                <\/div>\n            <\/div>\n            <\/div>\n\t\t<\/div>\n\t\t\t\t<\/div>\n\t\t\t\t<div class=\"elementor-element elementor-element-de7e690 elementor-widget elementor-widget-heading\" data-id=\"de7e690\" data-element_type=\"widget\" data-widget_type=\"heading.default\">\n\t\t\t\t<div class=\"elementor-widget-container\">\n\t\t\t<h2 class=\"elementor-heading-title elementor-size-default\"><span style=\"white-space: normal;\">audit financiar OMF &amp; IFRS<\/span><\/h2>\t\t<\/div>\n\t\t\t\t<\/div>\n\t\t\t\t<div class=\"elementor-element elementor-element-bc6d4bb elementor-widget elementor-widget-stm_services\" data-id=\"bc6d4bb\" data-element_type=\"widget\" data-widget_type=\"stm_services.default\">\n\t\t\t\t<div class=\"elementor-widget-container\">\n\t\t\t\n    <div class=\"stm_services consulting_elementor_services style_5 cols_4\">\n                    <div class=\"item\">\n                <div class=\"item_wr\">\n                                        <div class=\"item_info\">\n                        <a href=\"https:\/\/marketplaceservices.ro\/index.php\/service\/audit-financiar-omf-ifrs\/\" class=\"base_font_color text_decoration_none\">\n                            <h5 class=\"secondary_font_color_hv\">Audit financiar<\/h5>\n                        <\/a>\n                        <div class=\"item_description\">\n                            Audit asupra situa\u0163iilor financiare, \u00eentocmite \u00een conformitate cu OMF & IFRS                        <\/div>\n                        <a href=\"https:\/\/marketplaceservices.ro\/index.php\/service\/audit-financiar-omf-ifrs\/\" class=\"read_more\"><i class=\"stm-lnr-arrow-right third_bg_color\"><\/i>Read more                        <\/a>\n                    <\/div>\n                <\/div>\n            <\/div>\n            <\/div>\n\t\t<\/div>\n\t\t\t\t<\/div>\n\t\t\t\t\t<\/div>\n\t\t<\/div>\n\t\t\t\t<div class=\"elementor-column elementor-col-25 elementor-top-column elementor-element elementor-element-89f3add elementor-hidden-tablet elementor-hidden-phone\" data-id=\"89f3add\" data-element_type=\"column\">\n\t\t\t<div class=\"elementor-widget-wrap elementor-element-populated\">\n\t\t\t\t\t\t\t\t<div class=\"elementor-element elementor-element-89f3fea elementor-widget elementor-widget-stm_sidebar\" data-id=\"89f3fea\" data-element_type=\"widget\" data-widget_type=\"stm_sidebar.default\">\n\t\t\t\t<div class=\"elementor-widget-container\">\n\t\t\t\n<div class=\"stm_sidebar consulting_elementor_sidebar\">\n\n            \t\t<div data-elementor-type=\"wp-post\" data-elementor-id=\"573\" class=\"elementor elementor-573\" data-elementor-settings=\"[]\">\n\t\t\t\t\t\t\t<div class=\"elementor-section-wrap\">\n\t\t\t\t\t\t\t<section class=\"elementor-section elementor-top-section elementor-element elementor-element-72a0825 third_bg_color elementor-section-boxed elementor-section-height-default elementor-section-height-default\" data-id=\"72a0825\" data-element_type=\"section\" data-settings=\"{&quot;background_background&quot;:&quot;classic&quot;}\">\n\t\t\t\t\t\t<div class=\"elementor-container elementor-column-gap-default\">\n\t\t\t\t\t<div class=\"elementor-column elementor-col-100 elementor-top-column elementor-element elementor-element-72a0fe8\" data-id=\"72a0fe8\" data-element_type=\"column\" data-settings=\"{&quot;background_background&quot;:&quot;classic&quot;}\">\n\t\t\t<div class=\"elementor-widget-wrap elementor-element-populated\">\n\t\t\t\t\t\t\t\t<div class=\"elementor-element elementor-element-72a1686 elementor-widget elementor-widget-vc_custom_heading\" data-id=\"72a1686\" data-element_type=\"widget\" data-widget_type=\"vc_custom_heading.default\">\n\t\t\t\t<div class=\"elementor-widget-container\">\n\t\t\t<div class=\" vc_custom_heading  consulting_heading_font  text_align_left\" ><div style=\"font-size: 16px;color: #222222;text-align: left;font-weight:700\" class=\"consulting-custom-title\">cum te putem ajuta?\n<\/div><\/div>\t\t<\/div>\n\t\t\t\t<\/div>\n\t\t\t\t<div class=\"elementor-element elementor-element-72a1b52 elementor-widget elementor-widget-text-editor\" data-id=\"72a1b52\" data-element_type=\"widget\" data-widget_type=\"text-editor.default\">\n\t\t\t\t<div class=\"elementor-widget-container\">\n\t\t\t\t\t\t\t\t<p>contacteaza-ne pentru a afla mai multe despre serviciile noastre<\/p>\n\t\t\t\t\t\t<\/div>\n\t\t\t\t<\/div>\n\t\t\t\t<div class=\"elementor-element elementor-element-72a1f98 elementor-widget__width-auto elementor-widget elementor-widget-button\" data-id=\"72a1f98\" data-element_type=\"widget\" data-widget_type=\"button.default\">\n\t\t\t\t<div class=\"elementor-widget-container\">\n\t\t\t\t\t<div class=\"elementor-button-wrapper icon_align_left  \">\n\t\t\t<a href=\"https:\/\/marketplaceservices.ro\/index.php\/contact\/\" class=\"elementor-button-link elementor-button elementor-size-sm\" role=\"button\">\n\t\t\t\t\t\t<span class=\"elementor-button-content-wrapper\">\n\t\t\t\t\t\t<span class=\"elementor-button-icon elementor-align-icon-left\">\n\t\t\t\t<i aria-hidden=\"true\" class=\"fa fa-phone-square\"><\/i>\t\t\t<\/span>\n\t\t\t\t\t\t<span class=\"elementor-button-text\">Contacteaza-ne<\/span>\n\t\t<\/span>\n\t\t\t\t\t<\/a>\n\t\t<\/div>\n\t\t\t\t<\/div>\n\t\t\t\t<\/div>\n\t\t\t\t\t<\/div>\n\t\t<\/div>\n\t\t\t\t\t\t\t<\/div>\n\t\t<\/section>\n\t\t\t\t<section class=\"elementor-section elementor-top-section elementor-element elementor-element-72a3119 elementor-section-boxed elementor-section-height-default elementor-section-height-default\" data-id=\"72a3119\" data-element_type=\"section\" data-settings=\"{&quot;background_background&quot;:&quot;classic&quot;}\">\n\t\t\t\t\t\t<div class=\"elementor-container elementor-column-gap-default\">\n\t\t\t\t\t<div class=\"elementor-column elementor-col-100 elementor-top-column elementor-element elementor-element-72a385c\" data-id=\"72a385c\" data-element_type=\"column\">\n\t\t\t<div class=\"elementor-widget-wrap elementor-element-populated\">\n\t\t\t\t\t\t\t\t<div class=\"elementor-element elementor-element-72a3df4 elementor-align-left elementor-widget elementor-widget-button\" data-id=\"72a3df4\" data-element_type=\"widget\" data-widget_type=\"button.default\">\n\t\t\t\t<div class=\"elementor-widget-container\">\n\t\t\t\t\t<div class=\"elementor-button-wrapper icon_align_left  button_block\">\n\t\t\t<a href=\"https:\/\/marketplaceservices.ro\/index.php\/programeaza-consultanta\/\" class=\"elementor-button-link elementor-button elementor-size-lg\" role=\"button\">\n\t\t\t\t\t\t<span class=\"elementor-button-content-wrapper\">\n\t\t\t\t\t\t<span class=\"elementor-button-icon elementor-align-icon-left\">\n\t\t\t\t<i aria-hidden=\"true\" class=\"fa fa-file-pdf-o\"><\/i>\t\t\t<\/span>\n\t\t\t\t\t\t<span class=\"elementor-button-text\">Programeaza o sesiune de consultanta gratuita<\/span>\n\t\t<\/span>\n\t\t\t\t\t<\/a>\n\t\t<\/div>\n\t\t\t\t<\/div>\n\t\t\t\t<\/div>\n\t\t\t\t<div class=\"elementor-element elementor-element-72a4b59 elementor-widget elementor-widget-stm_testimonials\" data-id=\"72a4b59\" data-element_type=\"widget\" data-widget_type=\"stm_testimonials.default\">\n\t\t\t\t<div class=\"elementor-widget-container\">\n\t\t\t\n\n            <div class=\"stm_testimonials consulting_elementor_testimonials style_1\">\n                            <div class=\"item\">\n                    <div class=\"testimonial\"><p>Echipa Marketplace Services ne-a ajutat sa intelegem tot procesul de adaugare a canalului marketplace in afacerea noastra. Dupa ce au intrat primele comenzi ne-am convins ca a fost cea mai buna alegere sa lucram cu ei. <\/p>\n<\/div>\n                    <div class=\"testimonial-info clearfix\">\n                        <div class=\"testimonial-image\"><\/div>\n                        <div class=\"testimonial-text\">\n                            <div class=\"name\">Florina, covoare si tesaturi<\/div>\n                            <div class=\"company\">\n                                Antreprenor                            <\/div>\n                        <\/div>\n                    <\/div>\n                <\/div>\n                    <\/div>\n    \n\t\t<\/div>\n\t\t\t\t<\/div>\n\t\t\t\t\t<\/div>\n\t\t<\/div>\n\t\t\t\t\t\t\t<\/div>\n\t\t<\/section>\n\t\t\t\t\t\t<\/div>\n\t\t\t\t\t<\/div>\n\t\t    \n<\/div>\t\t<\/div>\n\t\t\t\t<\/div>\n\t\t\t\t\t<\/div>\n\t\t<\/div>\n\t\t\t\t\t\t\t<\/div>\n\t\t<\/section>\n\t\t\t\t\t\t<\/div>\n\t\t\t\t\t<\/div>\n\t\t","protected":false},"excerpt":{"rendered":"<p>eCommerce marketplace Administrare cont marketplace Medium abonament lunar, 500 -> 4999 produse Verificare produse (activare, update pret si stoc), monitorizare indicatori de performanta, actiuni pentru imbunatatire si remediere Read more Listare &#038; documentare produse Ne oferi datele necesare pentru listare (poze produs, caracteristici si descriere), iar noi iti adaugam produsele pe canalul de vanzare targetat<\/p>\n","protected":false},"author":1,"featured_media":0,"parent":0,"menu_order":0,"comment_status":"closed","ping_status":"closed","template":"","meta":{"footnotes":""},"class_list":["post-558","page","type-page","status-publish","hentry"],"_links":{"self":[{"href":"https:\/\/marketplaceservices.ro\/index.php\/wp-json\/wp\/v2\/pages\/558","targetHints":{"allow":["GET"]}}],"collection":[{"href":"https:\/\/marketplaceservices.ro\/index.php\/wp-json\/wp\/v2\/pages"}],"about":[{"href":"https:\/\/marketplaceservices.ro\/index.php\/wp-json\/wp\/v2\/types\/page"}],"author":[{"embeddable":true,"href":"https:\/\/marketplaceservices.ro\/index.php\/wp-json\/wp\/v2\/users\/1"}],"replies":[{"embeddable":true,"href":"https:\/\/marketplaceservices.ro\/index.php\/wp-json\/wp\/v2\/comments?post=558"}],"version-history":[{"count":30,"href":"https:\/\/marketplaceservices.ro\/index.php\/wp-json\/wp\/v2\/pages\/558\/revisions"}],"predecessor-version":[{"id":10532,"href":"https:\/\/marketplaceservices.ro\/index.php\/wp-json\/wp\/v2\/pages\/558\/revisions\/10532"}],"wp:attachment":[{"href":"https:\/\/marketplaceservices.ro\/index.php\/wp-json\/wp\/v2\/media?parent=558"}],"curies":[{"name":"wp","href":"https:\/\/api.w.org\/{rel}","templated":true}]}}