{"id":8034,"date":"2021-06-02T17:34:08","date_gmt":"2021-06-02T15:34:08","guid":{"rendered":"https:\/\/marketplaceservices.ro\/?page_id=8034"},"modified":"2022-08-22T21:10:24","modified_gmt":"2022-08-22T19:10:24","slug":"politica-de-confidentialitate","status":"publish","type":"page","link":"https:\/\/marketplaceservices.ro\/index.php\/politica-de-confidentialitate\/","title":{"rendered":"Politic\u0103 de confiden\u021bialitate"},"content":{"rendered":"\t\t<div data-elementor-type=\"wp-page\" data-elementor-id=\"8034\" class=\"elementor elementor-8034\" data-elementor-settings=\"[]\">\n\t\t\t\t\t\t\t<div class=\"elementor-section-wrap\">\n\t\t\t\t\t\t\t<section class=\"elementor-section elementor-top-section elementor-element elementor-element-7b1af276 elementor-section-boxed elementor-section-height-default elementor-section-height-default\" data-id=\"7b1af276\" data-element_type=\"section\">\n\t\t\t\t\t\t<div class=\"elementor-container elementor-column-gap-default\">\n\t\t\t\t\t<div class=\"elementor-column elementor-col-100 elementor-top-column elementor-element elementor-element-4cd560fb\" data-id=\"4cd560fb\" data-element_type=\"column\">\n\t\t\t<div class=\"elementor-widget-wrap elementor-element-populated\">\n\t\t\t\t\t\t\t\t<div class=\"elementor-element elementor-element-704941a elementor-widget elementor-widget-text-editor\" data-id=\"704941a\" data-element_type=\"widget\" data-widget_type=\"text-editor.default\">\n\t\t\t\t<div class=\"elementor-widget-container\">\n\t\t\t\t\t\t\t\t<p><!-- wp:heading --><\/p>\n<p>Aceast\u0103 politic\u0103 de confiden\u021bialitate descrie practicile de colectare de date personale pentru site-ul web marketplaceservices.ro Acesta este de\u021binut \u0219i gestionat de c\u0103tre SC Lumea Atelierelor Interactive SRL \u0219i colecteaz\u0103 date cu caracter personal \u00een conformitate cu aceast\u0103 politic\u0103.<\/p>\n<p>Acest document are rolul de a v\u0103 informa cu privire la ce tip de date cu caracter personal colect\u0103m de la dvs., c\u00e2t \u0219i unde am putea folosi aceste date, cum \u00een\u021belegem s\u0103 protejam aceste date, cine are acces la acestea \u0219i cum pot fi corectate \u00een timp inadvertentele din datele personale prelucrate, in conformitate cu Regulamentul UE 2016\/679 (GDPR).<\/p>\n<h2>Cine suntem<\/h2>\n<p><!-- \/wp:heading --><!-- wp:paragraph --><\/p>\n<p>SC Lumea Atelierelor Interactive SRL \u00een calitate de administrator al site-ului marketplaceservices.ro respect\u0103 caracterul privat \u0219i securitatea informa\u021biei furnizat\u0103 de utilizatori, inclusiv a datelor cu caracter personal.<\/p>\n<p>SC Lumea Atelierelor Interactive SRL este un operator de date cu caracter personal \u00een sensul Regulamentului UE 2016\/679 (GDPR), cu sediul social situat \u00een Piscului nr 5, sector 4, Bucuresti, \u00eenregistrat\u0103 la Oficiul Registrului Comertului cu J40\/7064\/2020, CUI 42691343 email contact@marketplaceserives.ro, denumit pe parcursul acestui document MS<\/p>\n<p>MS respect\u0103 legisla\u021bia rom\u00e2n\u0103 \u0219i european\u0103 \u00een vigoare \u00een domeniul protec\u021biei datelor cu caracter personal \u0219i colecteaz\u0103 date personale doar \u00een scopuri determinate, conform detaliilor de mai jos:<\/p>\n<p>Scopul colect\u0103rii datelor cu caracter personal este v\u00e2nzarea produselor \u0219i serviciilor de pe MS, servicii de rela\u021bii cu clien\u021bii \u0219i activit\u0103\u021bi de marketing pentru propriile nevoi ale MS<\/p>\n<p>Datele dvs. personale sunt folosite exclusiv de MS \u00een scopurile de mai sus \u0219i nu pot fi v\u00e2ndute sau \u00eenchiriate unor ter\u021be p\u0103rti.<\/p>\n<p><!-- \/wp:paragraph --><!-- wp:heading --><\/p>\n<h2>Ce date personale colectam si de ce<\/h2>\n<p><!-- \/wp:heading --><!-- wp:paragraph --><\/p>\n<p>MS colecteaz\u0103 informa\u021bii de la utilizatorii s\u0103i prin trei modalit\u0103\u021bi:<\/p>\n<ul>\n<li>direct de la utilizator<\/li>\n<li>din rapoartele traficului \u00eenregistrat de serverele care g\u0103zduiesc aplica\u021biile noastre<\/li>\n<li>prin intermediul cookie-urilor<\/li>\n<\/ul>\n<p><!-- \/wp:paragraph --><!-- wp:heading --><!-- \/wp:paragraph --><!-- wp:heading --><\/p>\n<h2>Cookie-uri<\/h2>\n<p><!-- \/wp:heading --><!-- wp:paragraph --><\/p>\n<p>Cookie-urile \u0219i tehnologiile similare nu colecteaz\u0103 date personale, dar pot folosi \u00een anumite cazuri identificatori unici care s\u0103 urmareasc\u0103 un utilizator de la un site la altul.<\/p>\n<p>MS poate folosi cookie-uri proprii necesare pentru functionarea site-ului, dar \u0219i pentru a facilita stocarea \u0219i urm\u0103rirea preferin\u021belor dvs., inclusiv pentru optimizarea site-urilor noastre, personalizare sau marketing.<\/p>\n<p>\u00cen ceea ce prive\u0219te serviciile externe MS care plaseaz\u0103 cookie-uri sau tehnologii similare, \u00een momentul navigarii pe siturile MS, scopul acestora este de marketing, analiz\u0103 a traficului sau alte personaliz\u0103ri, conform detaliilor de mai jos:<\/p>\n<ul>\n<li>Google Analytics \u2013 Analiza traficului<\/li>\n<li>Google Optimize \u2013 Personalizarea experien\u021bei utilizatorului<\/li>\n<li>Google Adwords Conversion \u2013 Marketing<\/li>\n<li>Google Dynamic Remarketing \u2013 Marketing<\/li>\n<li>Facebook Pixel \u2013 Marketing<\/li>\n<li>Hotjar \u2013 Analiza traficului, Personalizarea experien\u021bei utilizatorului<\/li>\n<li>Hubspot \u2013 Servicii de comunicare cu utilizatorul via Chat<\/li>\n<\/ul>\n<p>Majoritatea browserelor sunt setate s\u0103 accepte cookie-uri \u00een mod automat. Dac\u0103 \u00eens\u0103 nu prefera\u021bi acest lucru, pute\u021bi fie reseta browserul, fie s\u0103 v\u0103 anun\u021be ori de c\u00e2te ori primi\u021bi c\u00e2te un cookie, fie s\u0103 refuze chiar acceptarea cookie-urilor. Trebuie \u00eens\u0103 s\u0103 afla\u021bi ca unele sec\u021biuni ale site-ului nostru nu vor putea fi vizualizate normal dac\u0103 a\u021bi setat browserul s\u0103 resping\u0103 cookie-urile.<\/p>\n<p>Utilizatorii care nu doresc utilizarea cookie-urilor, pot folosi set\u0103rile browserului preferat pentru \u0219tergerea sau blocarea acestora sau folosirea unor plugin-uri care fac acela\u0219i lucru:<\/p>\n<ul>\n<li>Mozilla Firefox \u2013 http:\/\/support.mozilla.org\/ro\/kb\/cookie-urile<\/li>\n<li>Google Chrome \u2013 http:\/\/support.google.com\/chrome\/bin\/answer.py?hl=ro&amp;answer=95647<\/li>\n<li>Microsoft Edge \u2013 https:\/\/privacy.microsoft.com\/en-us\/windows-10-microsoft-edge-and-privacy<\/li>\n<li>Safari \u2013 https:\/\/support.apple.com\/kb\/ph21411?locale=ro_RO<\/li>\n<li>Internet Explorer \u2013 http:\/\/windows.microsoft.com\/ro-ro\/internet-explorer\/delete-manage-cookies<\/li>\n<\/ul>\n<p><!-- \/wp:paragraph --><!-- wp:heading --><\/p>\n<h2>Date personale colectate direct<\/h2>\n<p><!-- \/wp:heading --><!-- wp:paragraph --><\/p>\n<p>C\u00e2nd accesa\u021bi MS \u00a0sau atunci c\u00e2nd v\u0103 crea\u021bi un cont, v\u0103 putem cere numele, prenumele \u0219i\/sau adresa de email, num\u0103rul de telefon, ca \u0219i alte detalii ale firmei pentru care v\u0103 face\u021bi contul. Contul este f\u0103cut av\u00e2nd \u00een vedere calitatea dvs. de reprezentant al unei persoane juridice \u0219i deci v\u0103 recomand\u0103m s\u0103 folosi\u021bi email-ul \u0219i telefonul firmei, nu cel personal.<\/p>\n<p>Aceste date sunt p\u0103strate pentru o perioad\u0103 de p\u00e2n\u0103 3 ani de la terminarea contractului (aceasta fiind perioada de prescrip\u021bie generala) sau 5 ani \u00een cazul facturilor (unde este o obliga\u021bie legal\u0103 fiscal\u0103).<\/p>\n<p>\u00cen cazul nefurniz\u0103rii acestor date, vom fi \u00een imposibilitatea de a onora comanda dvs. sau s\u0103 v\u0103 asigur\u0103m serviciile de asisten\u021b\u0103 dorite.<\/p>\n<p>De asemenea, atunci c\u00e2nd v\u0103 abona\u021bi la newsletter-ul nostru, primi\u021bi un anumit raport, sau completa\u021bi un formular de pe site-ul nostru, v\u0103 rug\u0103m s\u0103 ne furniza\u021bi at\u00e2t o adres\u0103 de email, c\u00e2t \u0219i un nume, \u0219i uneori alte informa\u021bii necesare pentru personalizarea comunic\u0103rii c\u0103tre dvs.<\/p>\n<p>Aceste date sunt p\u0103strate p\u00e2n\u0103 la revocarea consim\u021b\u0103m\u00e2ntului sau p\u00e2n\u0103 c\u00e2nd activitatea dvs. ne arat\u0103 c\u0103 nu mai sunte\u021bi interesa\u021bi de comunicarea noastr\u0103.<\/p>\n<p><!-- \/wp:paragraph --><!-- wp:heading --><\/p>\n<h2>Informa\u021bii din rapoartele automate ale serverului<\/h2>\n<p><!-- \/wp:heading --><!-- wp:paragraph --><\/p>\n<p>Atunci c\u00e2nd vizita\u021bi un site web, indiferent de dispozitivul folosit, dezv\u0103lui\u021bi anumite informa\u021bii despre dvs., precum adresa dvs. IP, ora vizitei dvs., locul de unde a\u021bi intrat \u00een site-urile noastre, paginile vizitate. MS \u00eenregistreaz\u0103 aceste informa\u021bii pentru o perioad\u0103 de timp determinat\u0103. MS folose\u0219te servicii externe de analiz\u0103 a traficului, dar f\u0103r\u0103 a se limita la Google Analytics sau Hotjar.<\/p>\n<p>Aceste date sunt folosite exclusiv de catre MS pentru \u00eembun\u0103t\u0103\u021birea site-ului \u0219i serviciilor noastre, dar \u0219i pentru asigurarea securi\u021b\u0103\u021bii site-ului nostru.<\/p>\n<p>\u00cen nicio circumstan\u021b\u0103 MS nu utilizeaz\u0103 datele de trafic pentru identificarea persoanelor din spatele unor adrese IP.<\/p>\n<p><!-- \/wp:paragraph --><!-- wp:heading --><\/p>\n<h2>G\u0103zduirea \u0219i protejarea datelor<\/h2>\n<p>Datele personale colectate sunt \u00eenregistrate, utilizate, stocate \u0219i organizate pe servere protejate, unde este g\u0103zduit \u0219i site-ul propriu-zis, precum \u0219i pe orice alte platforme care permit astfel de opera\u021biuni, \u00een condi\u021bii de securitate optim\u0103, prin mijloace adecvate. Pentru g\u0103zduirea \u00een siguran\u021b\u0103 a datelor personale, folosim serviciile unor firme specializate din Uniunea Europeana, care ac\u021bioneaz\u0103 \u00een calitate de persoane \u00eemputernicite de c\u0103tre MS<\/p>\n<p>MS se angajeaz\u0103 s\u0103 protejeze datele dvs. personale \u00eempotriva pierderii, utiliz\u0103rii incorecte, divulg\u0103rii, modific\u0103rii, indisponibilit\u0103\u021bii, accesului neautorizat \u0219i distrugerii, \u0219i ia toate masurile de precau\u021bie rezonabile pentru a proteja confiden\u021bialitatea acestor date, inclusiv prin utilizarea unor m\u0103suri organizatorice \u0219i tehnice adecvate.<\/p>\n<p>Accesul dvs. la serviciile si produsele MS este protejat de parola contului dvs. V\u0103 recomand\u0103m s\u0103 nu dezvalui\u021bi nimanui aceast\u0103 parol\u0103. MS nu v\u0103 va cere niciodat\u0103 parola conturilor dvs. \u00een mesaje sau telefoane nesolicitate. Dac\u0103 este posibil, trebuie s\u0103 v\u0103 aminti\u021bi s\u0103 da\u021bi click pe butonul \u201eDeconectare\u201d din contul dvs. din cadrul serviciilor online oferite de MS la sf\u00e2r\u0219itul fiec\u0103rei sesiuni de utilizare a acestora. V\u0103 sf\u0103tuim de asemenea s\u0103 \u00eenchide\u021bi fereastra browserului \u00een care a\u021bi lucrat la sf\u00e2r\u0219itul navig\u0103rii dvs. \u00een site-urile sau serviciile furnizate de MS . Aceste sfaturi sunt destinate s\u0103 \u00eenl\u0103ture accesul persoanelor neautorizate la informa\u021bii personale \u00een legatur\u0103 cu dumneavoastr\u0103 atunci c\u00e2nd alte persoane pot avea acces la dispozitivul dvs.<\/p>\n<p>S\u0103 ave\u021bi \u00een vedere c\u0103 transmisia de date prin intermediul internetului nu poate fi garantat\u0103 ca fiind 100% sigur\u0103. Cauzele pot fi numeroase, cum ar fi, dar f\u0103r\u0103 a se limita la: conexiunea dvs. nesigur\u0103 de wi-fi, viru\u0219i sau programe de tip troian\/malware, accesul direct al altor persoane etc. \u00cen consecin\u021b\u0103, \u00een ciuda eforturilor noastre de a v\u0103 proteja informa\u021biile personale, MS nu poate asigura sau garanta securitatea informa\u021biilor transmise de dvs. c\u0103tre MS, at\u00e2t pe canale de comunicare c\u00e2t \u0219i \u00een cadrul aplica\u021biei. Pe aceast\u0103 cale v\u0103 aducem la cuno\u0219tin\u021b\u0103 c\u0103 exist\u0103 acest risc.<\/p>\n<p>\u00cen momentul \u00een care primim informa\u021biile transmise de dvs., v\u0103 garant\u0103m c\u0103 vom depune toate eforturile pentru a asigura securitatea acestora \u00een sistemele noastre, prin implementarea de m\u0103suri care s\u0103 \u00eempiedice accesul neautorizat, utilizarea necorespunzatoare, modificarea, distrugerea ilegal\u0103 sau accidental\u0103 \u0219i pierderile accidentale.<\/p>\n<p>MS poate prelucra datele dvs. personale cu ajutorul unor ter\u021be firme \u00een calitate de persoane \u00eemputernicite. Aceste firme pot folosi doar datele trimise de MS, exclusiv in scopul precizat expres de MS \u0219i nu le pot folosi \u00een scopuri proprii. Aceste date sunt trimise pentru realizarea unor scopuri precum:<\/p>\n<ul>\n<li>Servicii de gazduire<\/li>\n<li>Servicii de trimitere email-uri<\/li>\n<li>Servicii de marketing<\/li>\n<\/ul>\n<p>Alte autorit\u0103\u021bi si institu\u021bii publice, contabili, auditori, avoca\u021bi \u0219i al\u021bi consultan\u021bi externi, a c\u0103ror activitate implic\u0103 necesitatea cunoa\u0219terii acestor date sau acolo unde legea ne oblig\u0103 s\u0103 facem aceast\u0103 dezvaluire.<\/p>\n<p>Toate persoanele \u00eemputernicite cu care lucr\u0103m sunt firme din Rom\u00e2nia, Uniunea Europeana sau orice stat cu regim de protec\u021bie adecvat ori alt temei stabilit.<\/p>\n<p>Pentru orice erori legate de datele introduse de dvs. sau alte solicit\u0103ri, v\u0103 rug\u0103m s\u0103 ne contacta\u021bi la contact@marketplaceservices.ro<\/p>\n<p>Drepturile dvs \u00een contextul datelor:<\/p>\n<ul>\n<li>Dreptul de a fi informat cu privire la cum sunt colectate \u0219i folosite datele dvs.<\/li>\n<li>Dreptul de a accesa datele pe care le avem despre dvs.<\/li>\n<li>Dreptul de a cere rectificarea datelor pe care le avem despre dvs.<\/li>\n<li>Dreptul de a solicita \u0219tergerea datelor pe care le avem despre dvs.<\/li>\n<li>Dreptul de a solicita oprirea trimiterii de mesaje de marketing c\u0103tre dvs.<\/li>\n<li>Dreptul de a solicita trimiterea datelor tale personale c\u0103tre dvs sau c\u0103tre un alt operator.<\/li>\n<li>Dreptul de a depune o pl\u00e2ngere, cu referire la folosirea datelor dvs, c\u0103tre organele abilitate.<\/li>\n<\/ul>\n<p>Drepturile de mai sus nu sunt absolute \u0219i exist\u0103 excep\u021bii. Pentru orice \u00eentreb\u0103ri \u00een acest context, te rug\u0103m s\u0103 ne trimi\u021bi un email la contact@marketplaceservices.ro<\/p>\n<p><!-- \/wp:paragraph --><\/p>\n\t\t\t\t\t\t<\/div>\n\t\t\t\t<\/div>\n\t\t\t\t\t<\/div>\n\t\t<\/div>\n\t\t\t\t\t\t\t<\/div>\n\t\t<\/section>\n\t\t\t\t\t\t<\/div>\n\t\t\t\t\t<\/div>\n\t\t","protected":false},"excerpt":{"rendered":"<p>Aceast\u0103 politic\u0103 de confiden\u021bialitate descrie practicile de colectare de date personale pentru site-ul web marketplaceservices.ro Acesta este de\u021binut \u0219i gestionat de c\u0103tre SC Lumea Atelierelor Interactive SRL \u0219i colecteaz\u0103 date cu caracter personal \u00een conformitate cu aceast\u0103 politic\u0103. Acest document are rolul de a v\u0103 informa cu privire la ce tip de date cu caracter<\/p>\n","protected":false},"author":1,"featured_media":0,"parent":0,"menu_order":0,"comment_status":"closed","ping_status":"closed","template":"","meta":{"footnotes":""},"class_list":["post-8034","page","type-page","status-publish","hentry"],"_links":{"self":[{"href":"https:\/\/marketplaceservices.ro\/index.php\/wp-json\/wp\/v2\/pages\/8034","targetHints":{"allow":["GET"]}}],"collection":[{"href":"https:\/\/marketplaceservices.ro\/index.php\/wp-json\/wp\/v2\/pages"}],"about":[{"href":"https:\/\/marketplaceservices.ro\/index.php\/wp-json\/wp\/v2\/types\/page"}],"author":[{"embeddable":true,"href":"https:\/\/marketplaceservices.ro\/index.php\/wp-json\/wp\/v2\/users\/1"}],"replies":[{"embeddable":true,"href":"https:\/\/marketplaceservices.ro\/index.php\/wp-json\/wp\/v2\/comments?post=8034"}],"version-history":[{"count":10,"href":"https:\/\/marketplaceservices.ro\/index.php\/wp-json\/wp\/v2\/pages\/8034\/revisions"}],"predecessor-version":[{"id":9794,"href":"https:\/\/marketplaceservices.ro\/index.php\/wp-json\/wp\/v2\/pages\/8034\/revisions\/9794"}],"wp:attachment":[{"href":"https:\/\/marketplaceservices.ro\/index.php\/wp-json\/wp\/v2\/media?parent=8034"}],"curies":[{"name":"wp","href":"https:\/\/api.w.org\/{rel}","templated":true}]}}