{"id":8061,"date":"2021-06-02T20:15:16","date_gmt":"2021-06-02T18:15:16","guid":{"rendered":"https:\/\/marketplaceservices.ro\/?page_id=8061"},"modified":"2022-08-22T21:06:59","modified_gmt":"2022-08-22T19:06:59","slug":"termeni-conditii","status":"publish","type":"page","link":"https:\/\/marketplaceservices.ro\/index.php\/termeni-conditii\/","title":{"rendered":"Termeni si conditii"},"content":{"rendered":"\t\t<div data-elementor-type=\"wp-page\" data-elementor-id=\"8061\" class=\"elementor elementor-8061\" data-elementor-settings=\"[]\">\n\t\t\t\t\t\t\t<div class=\"elementor-section-wrap\">\n\t\t\t\t\t\t\t<section class=\"elementor-section elementor-top-section elementor-element elementor-element-7b1af276 elementor-section-boxed elementor-section-height-default elementor-section-height-default\" data-id=\"7b1af276\" data-element_type=\"section\">\n\t\t\t\t\t\t<div class=\"elementor-container elementor-column-gap-default\">\n\t\t\t\t\t<div class=\"elementor-column elementor-col-100 elementor-top-column elementor-element elementor-element-4cd560fb\" data-id=\"4cd560fb\" data-element_type=\"column\">\n\t\t\t<div class=\"elementor-widget-wrap elementor-element-populated\">\n\t\t\t\t\t\t\t\t<div class=\"elementor-element elementor-element-704941a elementor-widget elementor-widget-text-editor\" data-id=\"704941a\" data-element_type=\"widget\" data-widget_type=\"text-editor.default\">\n\t\t\t\t<div class=\"elementor-widget-container\">\n\t\t\t\t\t\t\t\t<p><!-- wp:heading --><\/p>\n<ol>\n<li><strong> DATE IDENTIFICARE apartinator WEBSITE marketplaceservices.ro<\/strong> Website-ul\u00a0<strong>marketplaceservices.ro<\/strong> este administrat \u0219i operat de Lumea Atelierelor Interactive SRL, o societate cu r\u0103spundere limitat\u0103, organizat\u0103 \u0219i func\u021bion\u00e2nd \u00een conformitate cu legisla\u021bia din Rom\u00e2nia, av\u00e2nd sediul social situat \u00een Str Piscului, 5, sector 1, Bucuresti, \u00eenregistrat\u0103 la Oficiul Registrului Comertului cu nr. J40\/7064\/2020, av\u00e2nd Cod Unic de \u00cenregistrare\u00a042691343<\/li>\n<\/ol>\n<p>Date de contact:<\/p>\n<ul>\n<li>Email: contact@marketplaceservices.ro<\/li>\n<li>Adres\u0103 coresponden\u021b\u0103: Piscului, nr. 5, sector 4, <strong>Bucuresti<\/strong><\/li>\n<li>\u00cen acest document, SC Lumea Atelierelor Interactive, cu datele de identificare de mai sus, va fi denumit\u0103 &#8220;<strong>MS<\/strong>&#8220;.<\/li>\n<\/ul>\n<ol start=\"2\">\n<li><strong> DESPRE marketplaceservices.ro<\/strong><\/li>\n<\/ol>\n<p><strong>Website-ul marketplaceservices.ro<\/strong>\u00a0este un serviciu al societ\u0103\u021bii informa\u021bionale, de prezentare a serviciilor MS.<\/p>\n<p>To\u021bi utilizatorii website-ului\u00a0<a href=\"https:\/\/easysales.ro\/\">marketplaceservices.ro<\/a>\u00a0(&#8220;<strong>Website-ul<\/strong>&#8220;) se oblig\u0103 s\u0103 respecte prezentul document de Termeni \u0219i condi\u021bii privind utilizarea Website-ului (&#8220;<strong>T&amp;C Site<\/strong>&#8220;). Prin utilizarea Website-ului, utilizatorul accept\u0103 necondi\u021bionat ace\u0219ti T&amp;C Site. Utilizatorul care nu este de acord, total sau par\u021bial, cu ace\u0219ti T&amp;C Site, este rugat s\u0103 nu continue utilizarea Website-ului \u0219i s\u0103 renun\u021be la accesarea Website-ului.<\/p>\n<p>Utilizarea Website-ului nostru include, f\u0103r\u0103 limitare, \u0219i accesarea, navigarea \u0219i \u00eenregistrarea\/logarea pentru a utiliza Website-ul \u0219i \/ sau serviciile MS. Cu toate acestea, utilizatorii care doresc s\u0103 contracteze serviciile MS, trebuie s\u0103 respecte suplimentar prevederile din\u00a0<strong>Termenii \u0219i condi\u021biile MS<\/strong>.<\/p>\n<p>Pentru evitarea oric\u0103rui dubiu, MS va putea modifica unilateral, \u00een orice moment \u0219i f\u0103r\u0103 nicio notificare prealabil\u0103 a utilizatorilor: con\u021binutul, forma de prezentare \u0219i\/sau structura Website-ului \u0219i nu va avea nicio r\u0103spundere \u00een acest sens. Modific\u0103rile pot fi operate inclusiv pentru a asigura conformarea cu modific\u0103rile legislative. Orice astfel de modific\u0103ri ulterioare vor fi eviden\u021biate \u00eentr-o variant\u0103 actualizat\u0103 a T&amp;C Site, care va fi disponibil\u0103 pe Website (\u00eempreun\u0103 cu data de la care se aplic\u0103). Modific\u0103rile astfel efectuate asupra T&amp;C Site vor fi considerate a fi acceptate de utilizator dac\u0103 acesta continu\u0103 s\u0103 foloseasc\u0103 Website-ul dup\u0103 afi\u0219area T&amp;C Site modifica\u021bi pe Website.<\/p>\n<p>Website-ul \u00ee\u0219i propune s\u0103 ofere utilizatorilor\/vizitatorilor informa\u021bii corecte \u0219i actualizate cu privire la serviciile MS \u0219i nout\u0103\u021bile MS, etapele pentru crearea unui Cont pe Website-ul nostru, orice alte informa\u021bii pe care MS le consider\u0103 utile utilizatorului, inclusiv pentru a sta la baza unei decizii informate a utilizatorului de a comanda serviciile MS \u0219i de a intra \u00een rela\u021bii contractuale cu MS pentru a beneficia de servicii conform Termenilor \u0219i condi\u021biilor MS.<\/p>\n<p>Website-ul este menit s\u0103 contribuie la \u00eembun\u0103t\u0103\u021birea rela\u021biei dintre MS \u0219i utilizatorii serviciilor sale \/ poten\u021bialii utilizatori ai serviciilor MS, \u00een sensul de a facilita comunicarea dintre MS \u0219i ace\u0219tia. Inten\u021bia MS este a oferi tot timpul pe Website informa\u021bii actualizate, astfel \u00eenc\u00e2t MS va depune toate diligen\u021bele pentru a oferi utilizatorilor Website-ului informa\u021bii actualizate privind serviciile sub m\u0103rcile promovate de MS \u0219i pentru a actualiza con\u021binutul Website-ului. Cu toate acestea, MS nu garanteaz\u0103 asupra actualit\u0103\u021bii \u0219i acurate\u021bei informa\u021biilor prezentate pe Website \u00een orice moment. De asemenea, MS nu garanteaz\u0103 c\u0103 Website-ul nu va con\u021bine uneori erori sau perioade de nefunc\u021bionare, \u00eens\u0103 va \u00eencerca \u00een mod rezonabil s\u0103 remedieze aceste erori\/perioade \u00een scurt timp pentru a permite o informare corect\u0103 a utilizatorilor Website-ului \u0219i o experien\u021b\u0103 util\u0103 \u00een vizitarea\/utilizarea Website-ului.<\/p>\n<p>MS \u00ee\u0219i declin\u0103 \u00een mod expres prin prezentul document orice r\u0103spundere pentru eventuale prejudicii suferite de utilizatori prin luarea oric\u0103ror decizii bazate pe oricare informa\u021bie furnizat\u0103 prin intermediul Website-ului \u0219i MS nu r\u0103spunde sub nicio form\u0103 \u0219i \u00een nicio circumstan\u021b\u0103 pentru astfel de prejudicii.<\/p>\n<p>\u00cen cazul \u00een care utilizatorii inten\u021bioneaz\u0103 s\u0103 fac\u0103 o alegere fundamentat\u0103 \u0219i\/sau s\u0103 achizi\u021bioneze produse\/servicii prezentate pe Website, recomand\u0103m ferm acestora s\u0103 contacteze sursele\/persoanele de contact prezentate \u00een mod expres pe Website, pentru clarificarea oric\u0103ror aspecte, sau formularul de contact aflat pe sec\u021biunea specific alocat\u0103.<\/p>\n<p>MS nu garanteaz\u0103 \u00een niciun fel calitatea Website-ului din punct de vedere tehnic \u0219i\/sau func\u021bional, \u0219i nici lipsa viru\u0219ilor care ar putea exista pe Website, date fiind caracteristicile mediului online \u0219i specifica\u021biile Internetului. Astfel, MS nu va putea fi \u021binut\u0103 r\u0103spunz\u0103toare \u00een niciun fel pentru niciun fel de daune directe sau indirecte suferite sau invocate de utilizatori\/vizitatori provenind din disfunc\u021bionalit\u0103\u021bi\/nefunc\u021bionarea corespunz\u0103toare, integral\u0103 sau par\u021bial\u0103 a oric\u0103rei \/ oric\u0103ror por\u021biuni a\/ale Website-ului.<\/p>\n<p>Utilizatorul \u00een\u021belege c\u0103 MS are dreptul de a \u00eentrerupe oric\u00e2nd, cu efect imediat \u0219i f\u0103r\u0103 informare prealabil\u0103, orice activitate a Website-ului.<\/p>\n<p>Utilizatorul \u00een\u021belege \u0219i este de acord c\u0103 MS are dreptul de a restric\u021biona oric\u00e2nd, cu efect imediat \u0219i f\u0103r\u0103 informare prealabil\u0103, accesul utilizatorului la Website, \u00een cazul \u00een care exist\u0103 indicii\/MS consider\u0103 c\u0103, \u00een temeiul conduitei \u0219i\/sau activit\u0103\u021bii utilizatorului, ac\u021biunile acestuia prejudiciaz\u0103\/ar putea prejudicia \u00een orice form\u0103 MS, inclusiv renumele sau reputa\u021bia MS, sau accesul \u0219i\/sau utilizarea de c\u0103tre al\u021bi utilizatori. De asemenea, accesul la alte site-uri\/informa\u021bii\/activit\u0103\u021bi poate fi restric\u021bionat\/blocat de MS, \u00een conformitate cu legea aplicabil\u0103, inclusiv \u00een cazul \u00een care MS are cuno\u0219tin\u021b\u0103 despre faptul c\u0103 informa\u021bia sau activitatea respectiv\u0103 este nelegal\u0103 sau despre fapte sau circumstan\u021be din care s\u0103 rezulte c\u0103 activitatea sau informa\u021bia \u00een cauz\u0103 are putea v\u0103t\u0103ma drepturile unui ter\u021b.<\/p>\n<p>Toate informa\u021biile disponibile pe site-ul marketplaceservices.ro\u00a0(inclusiv, dar f\u0103r\u0103 a se limita la, imagini, text, logo-uri, simboluri) care pot fi vizualizate sau accesate \u00een orice mod prin utilizarea unui echipament electronic, con\u021binutul e-mailurilor trimise utilizatorului de c\u0103tre MS, orice informa\u021bie comunicat\u0103 utilizatorului (inclusiv, dar f\u0103r\u0103 a se limita la, date referitoare la MS, activitatea acestuia etc.) prin orice mijloc de c\u0103tre un reprezentant al MS, sunt \u0219i r\u0103m\u00e2n proprietatea exclusiv\u0103 a MS.<\/p>\n<p>Utilizatorul acorda prin prezentul, c\u0103tre MS, dreptul de a utiliza denumirea si marca\/marcile utilizatorului, pe website-ul\u00a0marketplaceservices.ro inclusiv prin includerea denumirii si\/sau a marcilor utilizatorului in portofoliul de parteneri ai MS, precum si in orice material de marketing\/publicitate, in orice mediu\/media ales\/aleasa de MS (e.g. online, offline, social media). Acest drept va fi in vigoare fara ca MS sa datoreze o contraprestatie catre Utilizator, pe durata maxima permisa de legislatie (si oricum cel putin pe durata acordului contractual dintre MS si utilizator, conform prezentului document). Ulterior expirarii duratei prevazute de lege, MS va putea utiliza ca si referinta relatia contractuala cu utilizatorul, fara a indica denumirea si\/sau marca acestuia.<\/p>\n<p>Utilizatorul care \u00ee\u0219i acord\u0103 acceptul pentru primirea de comunic\u0103ri de tip newsletter de la MS (ex. despre dezvoltarea easySales, despre practici din e-commerce, etc.), va primi pe adresa de e-mail indicat\u0103 astfel de comunic\u0103ri. Utilizatorul se poate dezabona oric\u00e2nd de la primirea acestor tipuri de comunic\u0103ri, prin transmiterea unui e-mail c\u0103tre MS la adresa: contac@marketplaceservices.ro Cu toate acestea, Utilizatorul \u00een\u021belege \u0219i este de acord c\u0103 dezabonarea de la primirea newsletter-ului nu implic\u0103 automat renun\u021barea la acceptarea T&amp;C Site \u0219i\/sau la Termenii \u0219i Condi\u021biile MS (sau a celorlalte documente alcatuind acordul contractul cu MS). \u00cen sensul acestui articol, newsletter este un mijloc de informare periodic, exclusiv electronic, respectiv utiliz\u00e2nd po\u0219t\u0103 electronic\u0103 (e-mail), asupra unor informatii\/evenimente\/noutati asupra carora utilizatorul ar putea fi interesat, f\u0103r\u0103 niciun angajament din partea MS cu referire la informa\u021biile con\u021binute de un astfel de mesaj (si daca nu se prevede contrariul intr-un astfel de mesaj).<\/p>\n<ol start=\"3\">\n<li><strong> DREPTURILE ASUPRA WEBSITE-ULUI<\/strong><\/li>\n<\/ol>\n<p>Con\u021binutul \u0219i design-ul\u00a0marketplaceservices.ro, incluz\u00e2nd dar nelimit\u00e2ndu-se la logo-uri, reprezent\u0103ri stilizate, simboluri comerciale, imagini statice, imagini dinamice, text \u0219i\/sau con\u021binut multimedia de pe Website, grafic\u0103, form\u0103, modalitatea de prezentare, precum \u0219i alte materialele de pe Website (ex. materiale foto-video, informa\u021biile despre serviciile MS), apar\u021bin MS \u0219i\/sau colaboratorilor s\u0103i, \u0219i sunt protejate de legisla\u021bia privind proprietatea intelectual\u0103, acestuia fiindu-i rezervate toate drepturile ob\u021binute \u00een acest sens \u00een mod direct sau indirect (prin cesiuni, licen\u021be de utilizare \u0219i\/sau publicare).<\/p>\n<p>Este interzis\u0103 \u00een mod expres orice \u00eenc\u0103lcare sau \u00eencercare de\/participarea la orice act de \u00eenc\u0103lcare a drepturilor asupra Website-ului\/materialelor de pe Website, incluz\u00e2nd f\u0103r\u0103 a se limita la, copierea, reproducerea, distribuirea, publicarea, comercializarea, transferul c\u0103tre ter\u021bi, \u00eenchirierea, \u00eemprumutul, comunicarea, copierea, modificarea, afi\u0219area, transmiterea \u00een orice form\u0103 a con\u021binutului \u0219i\/sau graficii Website-ului, crearea unor materiale derivate folosind con\u021binutul \u0219i\/sau forma Website-ului, includerea oric\u0103rui con\u021binut \u00een orice alt context dec\u00e2t cel original inten\u021bionat de MS, \u00eendep\u0103rtarea oric\u0103rui \u00eensemn care semnific\u0103 dreptul [de autor] al ES\/colaboratorilor, sub sanc\u021biunile prev\u0103zute de lege. Orice excep\u021bie necesit\u0103 acordul prealabil scris al MS.<\/p>\n<p>MS este de\u021bin\u0103torul drepturilor de proprietate intelectual\u0103 asupra asupra site-ului\u00a0marketplaceservices.ro, precum \u0219i asupra m\u0103rcilor \u0219i bazelor de date prezentate\/prezente pe Website, precum \u0219i asupra operelor prezentate pe Website (ex. poze\/fotografii), precum \u0219i toate drepturile (inclusiv dar f\u0103r\u0103 a se limita la dreptul de a folosi, modifica, dezv\u0103lui sau publica) asupra ideilor, conceptelor, know-how-ului, metodelor, solu\u021biilor, tehnicilor, proceselor, adapt\u0103rilor, pe toat\u0103 durata desf\u0103\u0219ur\u0103rii activit\u0103\u021bii sale \/ maxim permisa de lege. Pentru anumite por\u021biuni ale Website-ului (e.g. articole\/materiale scrise de al\u021bi autori), MS are dreptul de a distribui o copie pe Internet prin intermediul Website-ului. Utilizatorii sunt obliga\u021bi s\u0103 respecte drepturile MS \u0219i ale altor ter\u021bi \u0219i s\u0103 nu le aduc\u0103 nicio atingere. Utilizatorii nu pot re-utiliza (e.g. reproduc\u0103) informa\u021biile\/materialele de pe Website f\u0103r\u0103 acordul prealabil scris expres al MS.<\/p>\n<p>\u00cen mod special, materialele foto-video disponibile pe Website nu pot fi sub nicio form\u0103 reproduse\/reutilizate\/copiate\/preluate de c\u0103tre utilizatori. Aten\u021bion\u0103m asupra faptului c\u0103 astfel de materiale foto-video con\u021bin \u00een cele mai multe cazuri date cu caracter personal, inclusiv ale unor persoane ter\u021be; utilizarea\/procesarea acestora este riguros \u0219i strict reglementat\u0103 de legisla\u021bie, \u00eenc\u0103lcarea drepturilor titularilor (inclusiv a persoanelor vizate) constituind \u00eenc\u0103lcarea legisla\u021biei relevante, care poate fi aspru sanc\u021bionat\u0103.<\/p>\n<p>Utilizarea oric\u0103rui\/oric\u0103rei logo\/embleme\/antet\/m\u0103rci a\/al MS (inclusiv numele\/m\u0103rcii MS \u00een asociere cu denumirile m\u0103rcilor promovate de MS sau distinct fa\u021b\u0103 de acestea) nu este permis\u0103 f\u0103r\u0103 acordul prealabil expres scris al MS, \u00een\/pe niciun material\/document\/website.<\/p>\n<ol start=\"4\">\n<li><strong> PROTECTIA DATELOR CU CARACTER PERSONAL<\/strong><\/li>\n<\/ol>\n<p>MS prelucreaz\u0103 datele cu caracter personal furnizate de utilizator conform Politicii privind confiden\u021bialitatea.<\/p>\n<p>.<\/p>\n<ol start=\"5\">\n<li><strong> CONTACT<\/strong><\/li>\n<\/ol>\n<p>Ne pute\u021bi contacta la datele indicate \u00een sec\u021biunea\u00a0<u>Contact<\/u>\u00a0de pe Website.<\/p>\n<p>La adresa de contact utilizatorii pot raporta \u0219i cazuri \u00een care:<\/p>\n<ul>\n<li>pe Website au fost publicate, direct sau indirect, opere protejate de dreptul de autor\/drepturi de proprietate intelectual\u0103, f\u0103r\u0103 s\u0103 existe \u00een acest sens un acord in partea titularului drepturilor de autor\/drepturilor;<\/li>\n<li>exist\u0103 date cu privire comiterea unor infrac\u021biuni\/\u00eenc\u0103lc\u0103ri de c\u0103tre unul dintre utilizatori sau alte cazuri cu privire la \u00eenc\u0103lcarea legii pe acest Website sau \u00een leg\u0103tur\u0103 cu acesta.<\/li>\n<\/ul>\n<ol start=\"7\">\n<li><strong> LEGE APLICABIL\u0102<\/strong><\/li>\n<\/ol>\n<p>Ace\u0219ti T&amp;C Site sunt guverna\u021bi de legea rom\u00e2n\u0103. Orice disput\u0103 privind con\u021binutul sau aplicabilitatea Termenilor va fi solu\u021bionat\u0103 pe cale amiabil\u0103. \u00cen imposibilitatea solu\u021bion\u0103rii pe cale amiabil\u0103, \u00een cel mult 30 (treizeci) de zile de la semnalarea disputei de c\u0103tre oricare parte, oricare parte se poate adresa instan\u021bei de judecat\u0103 competente din Bucure\u0219ti.<\/p>\n<ol start=\"8\">\n<li><strong> FORTA MAJORA<\/strong><\/li>\n<\/ol>\n<p>MS sau afilia\u021bii s\u0103i nu pot fi f\u0103cu\u021bi responsabili pentru nicio \u00eent\u00e2rziere sau eroare rezult\u00e2nd direct sau indirect de cauze care nu depinde de voin\u021ba MS. Aceast\u0103 exonerare include, dar nu se limiteaz\u0103 la: erorile de func\u021bionare a echipamentului tehnic, lipsa func\u021bion\u0103rii conexiunii la internet, lipsa func\u021bion\u0103rii conexiunilor de telefon, viru\u0219ii informatici, accesul neautorizat \u00een sistemele MS, erorile de operare, precum \u0219i cazurile de for\u021b\u0103 major\u0103 stipulate de legisla\u021bia \u00een vigoare.<\/p>\n<p><!-- \/wp:paragraph --><\/p>\n\t\t\t\t\t\t<\/div>\n\t\t\t\t<\/div>\n\t\t\t\t\t<\/div>\n\t\t<\/div>\n\t\t\t\t\t\t\t<\/div>\n\t\t<\/section>\n\t\t\t\t\t\t<\/div>\n\t\t\t\t\t<\/div>\n\t\t","protected":false},"excerpt":{"rendered":"<p>DATE IDENTIFICARE apartinator WEBSITE marketplaceservices.ro Website-ul\u00a0marketplaceservices.ro este administrat \u0219i operat de Lumea Atelierelor Interactive SRL, o societate cu r\u0103spundere limitat\u0103, organizat\u0103 \u0219i func\u021bion\u00e2nd \u00een conformitate cu legisla\u021bia din Rom\u00e2nia, av\u00e2nd sediul social situat \u00een Str Piscului, 5, sector 1, Bucuresti, \u00eenregistrat\u0103 la Oficiul Registrului Comertului cu nr. J40\/7064\/2020, av\u00e2nd Cod Unic de \u00cenregistrare\u00a042691343 Date de<\/p>\n","protected":false},"author":1,"featured_media":0,"parent":0,"menu_order":0,"comment_status":"closed","ping_status":"closed","template":"","meta":{"footnotes":""},"class_list":["post-8061","page","type-page","status-publish","hentry"],"_links":{"self":[{"href":"https:\/\/marketplaceservices.ro\/index.php\/wp-json\/wp\/v2\/pages\/8061","targetHints":{"allow":["GET"]}}],"collection":[{"href":"https:\/\/marketplaceservices.ro\/index.php\/wp-json\/wp\/v2\/pages"}],"about":[{"href":"https:\/\/marketplaceservices.ro\/index.php\/wp-json\/wp\/v2\/types\/page"}],"author":[{"embeddable":true,"href":"https:\/\/marketplaceservices.ro\/index.php\/wp-json\/wp\/v2\/users\/1"}],"replies":[{"embeddable":true,"href":"https:\/\/marketplaceservices.ro\/index.php\/wp-json\/wp\/v2\/comments?post=8061"}],"version-history":[{"count":7,"href":"https:\/\/marketplaceservices.ro\/index.php\/wp-json\/wp\/v2\/pages\/8061\/revisions"}],"predecessor-version":[{"id":9791,"href":"https:\/\/marketplaceservices.ro\/index.php\/wp-json\/wp\/v2\/pages\/8061\/revisions\/9791"}],"wp:attachment":[{"href":"https:\/\/marketplaceservices.ro\/index.php\/wp-json\/wp\/v2\/media?parent=8061"}],"curies":[{"name":"wp","href":"https:\/\/api.w.org\/{rel}","templated":true}]}}